{"id":616,"date":"2025-04-29T12:09:06","date_gmt":"2025-04-29T12:09:06","guid":{"rendered":"https:\/\/newplayer.nas.rs\/wordpress\/?page_id=616"},"modified":"2026-01-21T12:41:03","modified_gmt":"2026-01-21T12:41:03","slug":"tdi-tv","status":"publish","type":"page","link":"https:\/\/player.tdiradio.com\/?page_id=616","title":{"rendered":"TDI TV"},"content":{"rendered":"<h4 style=\"text-align: center;\"><strong>Dobrodo\u0161li na TDI Radio Viziju \u2013 mesto gde tvoja omiljena muzika ne samo da zvu\u010di odli\u010dno, ve\u0107 i izgleda sjajno!<br data-start=\"320\" data-end=\"323\" \/>Gledaj nas u\u017eivo 24\/7 i oseti puls najboljeg radijskog zvuka \u2013 sada i u video formatu.<\/strong><\/h4>\n\n\n<div style=\"text-align:center;\">\n  <iframe loading=\"lazy\" \n    title=\"HIT Radio\"\n    width=\"100%\" \n    height=\"720\" \n    src=\"https:\/\/peer2.tdiradio.com\/videos\/embed\/8f5d84ce-e8ac-4109-9975-9665f5605557\" \n    frameborder=\"0\" \n    allowfullscreen \n    sandbox=\"allow-same-origin allow-scripts allow-popups\">\n  <\/iframe>\n<\/div>\n","protected":false},"excerpt":{"rendered":"<p>Dobrodo\u0161li na TDI Radio Viziju \u2013 mesto gde tvoja omiljena muzika ne samo da zvu\u010di odli\u010dno, ve\u0107 i izgleda sjajno!Gledaj nas u\u017eivo 24\/7 i oseti puls najboljeg radijskog zvuka \u2013 sada i u video formatu.<\/p>\n","protected":false},"author":12,"featured_media":728,"parent":0,"menu_order":0,"comment_status":"closed","ping_status":"closed","template":"","meta":{"type":"","auto_type":false,"post":"","stream":"","stream_url":"","waveform_data":[],"duration":0,"start":0,"end":0,"bpm":0,"downloadable":false,"download_url":"","purchase_title":"","purchase_url":"","post-count-all":0,"like_count":0,"download_count":0,"editor_note":"","copyright":"","captions":[],"sources":[],"color":"","_uag_custom_page_level_css":"","footnotes":""},"class_list":["post-616","page","type-page","status-publish","has-post-thumbnail","hentry","entry",""],"acf":[],"yoast_head":"<!-- This site is optimized with the Yoast SEO plugin v26.4 - https:\/\/yoast.com\/wordpress\/plugins\/seo\/ -->\n<title>TDI TV - TDI RADIO PLAYER<\/title>\n<meta name=\"robots\" content=\"index, follow, max-snippet:-1, max-image-preview:large, max-video-preview:-1\" \/>\n<link rel=\"canonical\" href=\"https:\/\/player.tdiradio.com\/?page_id=616\" \/>\n<meta property=\"og:locale\" content=\"en_US\" \/>\n<meta property=\"og:type\" content=\"article\" \/>\n<meta property=\"og:title\" content=\"TDI TV - TDI RADIO PLAYER\" \/>\n<meta property=\"og:description\" content=\"Dobrodo\u0161li na TDI Radio Viziju \u2013 mesto gde tvoja omiljena muzika ne samo da zvu\u010di odli\u010dno, ve\u0107 i izgleda sjajno!Gledaj nas u\u017eivo 24\/7 i oseti puls najboljeg radijskog zvuka \u2013 sada i u video formatu.\" \/>\n<meta property=\"og:url\" content=\"https:\/\/player.tdiradio.com\/?page_id=616\" \/>\n<meta property=\"og:site_name\" content=\"TDI RADIO PLAYER\" \/>\n<meta property=\"article:modified_time\" content=\"2026-01-21T12:41:03+00:00\" \/>\n<meta property=\"og:image\" content=\"https:\/\/player.tdiradio.com\/wp-content\/uploads\/sites\/10\/2025\/04\/hittv.jpg\" \/>\n\t<meta property=\"og:image:width\" content=\"1920\" \/>\n\t<meta property=\"og:image:height\" content=\"1080\" \/>\n\t<meta property=\"og:image:type\" content=\"image\/jpeg\" \/>\n<meta name=\"twitter:card\" content=\"summary_large_image\" \/>\n<meta name=\"twitter:label1\" content=\"Est. reading time\" \/>\n\t<meta name=\"twitter:data1\" content=\"1 minute\" \/>\n<script type=\"application\/ld+json\" class=\"yoast-schema-graph\">{\"@context\":\"https:\/\/schema.org\",\"@graph\":[{\"@type\":\"WebPage\",\"@id\":\"https:\/\/player.tdiradio.com\/?page_id=616\",\"url\":\"https:\/\/player.tdiradio.com\/?page_id=616\",\"name\":\"TDI TV - TDI RADIO PLAYER\",\"isPartOf\":{\"@id\":\"https:\/\/player.tdiradio.com\/#website\"},\"primaryImageOfPage\":{\"@id\":\"https:\/\/player.tdiradio.com\/?page_id=616#primaryimage\"},\"image\":{\"@id\":\"https:\/\/player.tdiradio.com\/?page_id=616#primaryimage\"},\"thumbnailUrl\":\"https:\/\/player.tdiradio.com\/wp-content\/uploads\/sites\/10\/2025\/04\/hittv.jpg\",\"datePublished\":\"2025-04-29T12:09:06+00:00\",\"dateModified\":\"2026-01-21T12:41:03+00:00\",\"breadcrumb\":{\"@id\":\"https:\/\/player.tdiradio.com\/?page_id=616#breadcrumb\"},\"inLanguage\":\"en-US\",\"potentialAction\":[{\"@type\":\"ReadAction\",\"target\":[\"https:\/\/player.tdiradio.com\/?page_id=616\"]}]},{\"@type\":\"ImageObject\",\"inLanguage\":\"en-US\",\"@id\":\"https:\/\/player.tdiradio.com\/?page_id=616#primaryimage\",\"url\":\"https:\/\/player.tdiradio.com\/wp-content\/uploads\/sites\/10\/2025\/04\/hittv.jpg\",\"contentUrl\":\"https:\/\/player.tdiradio.com\/wp-content\/uploads\/sites\/10\/2025\/04\/hittv.jpg\",\"width\":1920,\"height\":1080},{\"@type\":\"BreadcrumbList\",\"@id\":\"https:\/\/player.tdiradio.com\/?page_id=616#breadcrumb\",\"itemListElement\":[{\"@type\":\"ListItem\",\"position\":1,\"name\":\"Home\",\"item\":\"https:\/\/player.tdiradio.com\/\"},{\"@type\":\"ListItem\",\"position\":2,\"name\":\"TDI TV\"}]},{\"@type\":\"WebSite\",\"@id\":\"https:\/\/player.tdiradio.com\/#website\",\"url\":\"https:\/\/player.tdiradio.com\/\",\"name\":\"TDI RADIO PLAYER\",\"description\":\"\",\"publisher\":{\"@id\":\"https:\/\/player.tdiradio.com\/#organization\"},\"potentialAction\":[{\"@type\":\"SearchAction\",\"target\":{\"@type\":\"EntryPoint\",\"urlTemplate\":\"https:\/\/player.tdiradio.com\/?s={search_term_string}\"},\"query-input\":{\"@type\":\"PropertyValueSpecification\",\"valueRequired\":true,\"valueName\":\"search_term_string\"}}],\"inLanguage\":\"en-US\"},{\"@type\":\"Organization\",\"@id\":\"https:\/\/player.tdiradio.com\/#organization\",\"name\":\"TDI RADIO PLAYER\",\"url\":\"https:\/\/player.tdiradio.com\/\",\"logo\":{\"@type\":\"ImageObject\",\"inLanguage\":\"en-US\",\"@id\":\"https:\/\/player.tdiradio.com\/#\/schema\/logo\/image\/\",\"url\":\"https:\/\/player.tdiradio.com\/wp-content\/uploads\/sites\/10\/2025\/08\/cropped-TDIICON.png\",\"contentUrl\":\"https:\/\/player.tdiradio.com\/wp-content\/uploads\/sites\/10\/2025\/08\/cropped-TDIICON.png\",\"width\":512,\"height\":512,\"caption\":\"TDI RADIO PLAYER\"},\"image\":{\"@id\":\"https:\/\/player.tdiradio.com\/#\/schema\/logo\/image\/\"}}]}<\/script>\n<!-- \/ Yoast SEO plugin. -->","yoast_head_json":{"title":"TDI TV - TDI RADIO PLAYER","robots":{"index":"index","follow":"follow","max-snippet":"max-snippet:-1","max-image-preview":"max-image-preview:large","max-video-preview":"max-video-preview:-1"},"canonical":"https:\/\/player.tdiradio.com\/?page_id=616","og_locale":"en_US","og_type":"article","og_title":"TDI TV - TDI RADIO PLAYER","og_description":"Dobrodo\u0161li na TDI Radio Viziju \u2013 mesto gde tvoja omiljena muzika ne samo da zvu\u010di odli\u010dno, ve\u0107 i izgleda sjajno!Gledaj nas u\u017eivo 24\/7 i oseti puls najboljeg radijskog zvuka \u2013 sada i u video formatu.","og_url":"https:\/\/player.tdiradio.com\/?page_id=616","og_site_name":"TDI RADIO PLAYER","article_modified_time":"2026-01-21T12:41:03+00:00","og_image":[{"width":1920,"height":1080,"url":"https:\/\/player.tdiradio.com\/wp-content\/uploads\/sites\/10\/2025\/04\/hittv.jpg","type":"image\/jpeg"}],"twitter_card":"summary_large_image","twitter_misc":{"Est. reading time":"1 minute"},"schema":{"@context":"https:\/\/schema.org","@graph":[{"@type":"WebPage","@id":"https:\/\/player.tdiradio.com\/?page_id=616","url":"https:\/\/player.tdiradio.com\/?page_id=616","name":"TDI TV - TDI RADIO PLAYER","isPartOf":{"@id":"https:\/\/player.tdiradio.com\/#website"},"primaryImageOfPage":{"@id":"https:\/\/player.tdiradio.com\/?page_id=616#primaryimage"},"image":{"@id":"https:\/\/player.tdiradio.com\/?page_id=616#primaryimage"},"thumbnailUrl":"https:\/\/player.tdiradio.com\/wp-content\/uploads\/sites\/10\/2025\/04\/hittv.jpg","datePublished":"2025-04-29T12:09:06+00:00","dateModified":"2026-01-21T12:41:03+00:00","breadcrumb":{"@id":"https:\/\/player.tdiradio.com\/?page_id=616#breadcrumb"},"inLanguage":"en-US","potentialAction":[{"@type":"ReadAction","target":["https:\/\/player.tdiradio.com\/?page_id=616"]}]},{"@type":"ImageObject","inLanguage":"en-US","@id":"https:\/\/player.tdiradio.com\/?page_id=616#primaryimage","url":"https:\/\/player.tdiradio.com\/wp-content\/uploads\/sites\/10\/2025\/04\/hittv.jpg","contentUrl":"https:\/\/player.tdiradio.com\/wp-content\/uploads\/sites\/10\/2025\/04\/hittv.jpg","width":1920,"height":1080},{"@type":"BreadcrumbList","@id":"https:\/\/player.tdiradio.com\/?page_id=616#breadcrumb","itemListElement":[{"@type":"ListItem","position":1,"name":"Home","item":"https:\/\/player.tdiradio.com\/"},{"@type":"ListItem","position":2,"name":"TDI TV"}]},{"@type":"WebSite","@id":"https:\/\/player.tdiradio.com\/#website","url":"https:\/\/player.tdiradio.com\/","name":"TDI RADIO PLAYER","description":"","publisher":{"@id":"https:\/\/player.tdiradio.com\/#organization"},"potentialAction":[{"@type":"SearchAction","target":{"@type":"EntryPoint","urlTemplate":"https:\/\/player.tdiradio.com\/?s={search_term_string}"},"query-input":{"@type":"PropertyValueSpecification","valueRequired":true,"valueName":"search_term_string"}}],"inLanguage":"en-US"},{"@type":"Organization","@id":"https:\/\/player.tdiradio.com\/#organization","name":"TDI RADIO PLAYER","url":"https:\/\/player.tdiradio.com\/","logo":{"@type":"ImageObject","inLanguage":"en-US","@id":"https:\/\/player.tdiradio.com\/#\/schema\/logo\/image\/","url":"https:\/\/player.tdiradio.com\/wp-content\/uploads\/sites\/10\/2025\/08\/cropped-TDIICON.png","contentUrl":"https:\/\/player.tdiradio.com\/wp-content\/uploads\/sites\/10\/2025\/08\/cropped-TDIICON.png","width":512,"height":512,"caption":"TDI RADIO PLAYER"},"image":{"@id":"https:\/\/player.tdiradio.com\/#\/schema\/logo\/image\/"}}]}},"uagb_featured_image_src":{"full":["https:\/\/player.tdiradio.com\/wp-content\/uploads\/sites\/10\/2025\/04\/hittv.jpg",1920,1080,false],"thumbnail":["https:\/\/player.tdiradio.com\/wp-content\/uploads\/sites\/10\/2025\/04\/hittv-150x150.jpg",150,150,true],"medium":["https:\/\/player.tdiradio.com\/wp-content\/uploads\/sites\/10\/2025\/04\/hittv-300x169.jpg",300,169,true],"medium_large":["https:\/\/player.tdiradio.com\/wp-content\/uploads\/sites\/10\/2025\/04\/hittv-768x432.jpg",768,432,true],"large":["https:\/\/player.tdiradio.com\/wp-content\/uploads\/sites\/10\/2025\/04\/hittv-1024x576.jpg",1024,576,true],"1536x1536":["https:\/\/player.tdiradio.com\/wp-content\/uploads\/sites\/10\/2025\/04\/hittv-1536x864.jpg",1536,864,true],"2048x2048":["https:\/\/player.tdiradio.com\/wp-content\/uploads\/sites\/10\/2025\/04\/hittv.jpg",1920,1080,false],"post-thumbnail":["https:\/\/player.tdiradio.com\/wp-content\/uploads\/sites\/10\/2025\/04\/hittv-1568x882.jpg",1568,882,true]},"uagb_author_info":{"display_name":"admin","author_link":"https:\/\/player.tdiradio.com\/?author=12"},"uagb_comment_info":0,"uagb_excerpt":"Dobrodo\u0161li na TDI Radio Viziju \u2013 mesto gde tvoja omiljena muzika ne samo da zvu\u010di odli\u010dno, ve\u0107 i izgleda sjajno!Gledaj nas u\u017eivo 24\/7 i oseti puls najboljeg radijskog zvuka \u2013 sada i u video formatu.","_links":{"self":[{"href":"https:\/\/player.tdiradio.com\/index.php?rest_route=\/wp\/v2\/pages\/616","targetHints":{"allow":["GET"]}}],"collection":[{"href":"https:\/\/player.tdiradio.com\/index.php?rest_route=\/wp\/v2\/pages"}],"about":[{"href":"https:\/\/player.tdiradio.com\/index.php?rest_route=\/wp\/v2\/types\/page"}],"author":[{"embeddable":true,"href":"https:\/\/player.tdiradio.com\/index.php?rest_route=\/wp\/v2\/users\/12"}],"replies":[{"embeddable":true,"href":"https:\/\/player.tdiradio.com\/index.php?rest_route=%2Fwp%2Fv2%2Fcomments&post=616"}],"version-history":[{"count":22,"href":"https:\/\/player.tdiradio.com\/index.php?rest_route=\/wp\/v2\/pages\/616\/revisions"}],"predecessor-version":[{"id":842,"href":"https:\/\/player.tdiradio.com\/index.php?rest_route=\/wp\/v2\/pages\/616\/revisions\/842"}],"wp:featuredmedia":[{"embeddable":true,"href":"https:\/\/player.tdiradio.com\/index.php?rest_route=\/wp\/v2\/media\/728"}],"wp:attachment":[{"href":"https:\/\/player.tdiradio.com\/index.php?rest_route=%2Fwp%2Fv2%2Fmedia&parent=616"}],"curies":[{"name":"wp","href":"https:\/\/api.w.org\/{rel}","templated":true}]}}